{"id":34,"date":"2012-12-18T16:22:45","date_gmt":"2012-12-18T15:22:45","guid":{"rendered":"http:\/\/xtrem.biz\/wp\/?page_id=34"},"modified":"2018-08-06T16:24:23","modified_gmt":"2018-08-06T14:24:23","slug":"impressum","status":"publish","type":"page","link":"https:\/\/xtrem.biz\/?page_id=34","title":{"rendered":"Impressum"},"content":{"rendered":"<p><em><strong>Besitzer der Dom\u00e4ne bzw. Betreiber der Hompage<\/strong><\/em><\/p>\n<p>xtrem.biz<br \/>\nRainer Plattner<br \/>\nA-1230 Wien<\/p>\n<p><strong>Datenschutz:<\/strong><\/p>\n<div class=\"col-md-8 col-sm-7\">\n<div class=\"site-main\">\n<p>Der Schutz Ihrer pers\u00f6nlichen Daten ist uns ein besonderes Anliegen. Wir verarbeiten Ihre Daten daher ausschlie\u00dflich auf Grundlage der gesetzlichen Bestimmungen (DSGVO, TKG 2003). In diesen Datenschutzinformationen informieren wir Sie \u00fcber die wichtigsten Aspekte der Datenverarbeitung im Rahmen unserer Website.<\/p>\n<p><strong>Allgemein<\/strong><\/p>\n<p>Interaktion mit der Webseite:<\/p>\n<p>Sie k\u00f6nnen sich ungest\u00f6rt auf der Webseite bewegen, eine Authentifizierung ist dazu nicht notwendig. Diese Webseite basiert auf <a href=\"https:\/\/wordpress.org\/\">wordpress<\/a> (ein freies Content Management System) und ist eine reine Infoseite. Bei Verwendung angef\u00fchrter Kontaktdaten erfolgt dieser Prozess nicht im Rahmen dieser Webseite, sondern per z.B.: direktem Mail oder Telefonanruf.<\/p>\n<p><strong>Cookies<\/strong><\/p>\n<p>Unsere Website verwendet sogenannte Cookies. Dabei handelt es sich um kleine Textdateien, die mit Hilfe des Browsers auf Ihrem Endger\u00e4t abgelegt werden. Sie richten keinen Schaden an. Wir nutzen Cookies dazu, unser Angebot nutzerfreundlich zu gestalten. Einige Cookies bleiben auf Ihrem Endger\u00e4t gespeichert, bis Sie diese l\u00f6schen. Sie erm\u00f6glichen es uns, Ihren Browser beim n\u00e4chsten Besuch wiederzuerkennen. Wenn Sie dies nicht w\u00fcnschen, so k\u00f6nnen Sie Ihren Browser so einrichten, dass er Sie \u00fcber das Setzen von Cookies informiert und Sie dies nur im Einzelfall erlauben.<br \/>\nBei der Deaktivierung von Cookies <strong><em>kann<\/em><\/strong> die Funktionalit\u00e4t unserer Website eingeschr\u00e4nkt sein.<\/p>\n<p><strong>Web-Analyse<\/strong><\/p>\n<p>Unsere Website verwendet <em><strong>keine<\/strong><\/em> Funktionen eines Webanalysedienstes<i>.<\/p>\n<p><\/i><\/p>\n<\/div>\n<div class=\"site-main\">\n<p><strong>Sicherheit<\/strong><\/p>\n<p>Wir sind stets bem\u00fcht gr\u00f6\u00dftm\u00f6gliche Sorgfalt walten zu lassen. Das senden von Daten \u00fcber das Internet birgt jedoch immer eine Gefahr. So k\u00f6nnen zum Beispiel unauthorisierte Dritte eine \u00dcbertragung abfangen, oder ein Mittel finden, um unsere Sicherheitsma\u00dfnahmen zu durchbrechen (Hacking). Infolgedessen und obwohl wir der Meinung sind, dass wir angemessene Ma\u00dfnahmen\u00a0 zum Schutze Ihrer pers\u00f6nlichen Daten umgesetzt haben, k\u00f6nnen wir nicht daf\u00fcr Garantieren, dass Ihre Daten nie widerspr\u00fcchlich zu diesen Nutzungsbestimmungen offengelegt werden.<\/p>\n<\/div>\n<\/div>\n<p>&nbsp;<\/p>\n<p><strong>Nutzungsbedingen<\/strong><\/p>\n<p>BITTE LESEN SIE DIE FOLGENDEN, F\u00dcR JEDEN BESUCHER DIESER WEBSITE GELTENDEN NUTZUNGSBEDINGUNGEN SORGF\u00c4LTIG DURCH. DURCH DIE NUTZUNG DIESER WEBSITE ERKL\u00c4REN SIE IHR EINVERST\u00c4NDNIS MIT DIESEN NUTZUNGSBEDINGUNGEN.<\/p>\n<p>Wir behalten uns das Recht vor, die Informationen auf dieser Website jederzeit ohne vorherige Ank\u00fcndigung zu erg\u00e4nzen, zu streichen oder abzu\u00e4ndern. Die Bestimmungen dieser Nutzungsbedingungen begr\u00fcnden kein vertragliches oder sonstiges formelles Recht an oder im Auftrag einer Partei. Wir sind bem\u00fcht um die st\u00e4ndige Aktualisierung dieser Website, \u00fcbernimmen jedoch keine Garantie f\u00fcr die Richtigkeit und Vollst\u00e4ndigkeit des Inhalts.<\/p>\n<p>Hinweise auf andere Webseiten (inhaltlich oder per Link) dienen zum reinen Informationszweck, f\u00fcr die Richtigkeit\/Vollst\u00e4ndigkeit oder nachtr\u00e4gliche \u00c4nderung kann keine Gew\u00e4hrleistung \u00fcbernommen werden, gepostete Kommentare widerspiegeln die Meinung des Posters. Wir behalten uns das Recht vor Kommentare ohne vorherige Ank\u00fcndigung zu streichen.<\/p>\n<div class=\"col-md-8 col-sm-7\">\n<div class=\"site-main\">\n<p>&nbsp;<\/p>\n<h4 id=\"heading_Sie_erreichen_uns_unter_folgenden_Kontaktdaten_\">Sie erreichen uns unter folgenden Kontaktdaten:<\/h4>\n<p>xtrem.biz \u2013 IT Dienstleistungen<br \/>\nA-1230 Wien<\/p>\n<p>Mail: office(add)xtrem.biz<br \/>\nTel: +43 699 1 450 36 37<\/p>\n<\/div>\n<\/div>\n<div class=\"row\">\n<div class=\"col-md-4 col-sm-5\">\n<aside>\n<div class=\"site-aside\"><\/div>\n<\/aside>\n<\/div>\n<\/div>\n<p>&nbsp;<\/p>\n","protected":false},"excerpt":{"rendered":"<p>Besitzer der Dom\u00e4ne bzw. Betreiber der Hompage xtrem.biz Rainer Plattner A-1230 Wien Datenschutz: Der Schutz Ihrer pers\u00f6nlichen Daten ist uns ein besonderes Anliegen. Wir verarbeiten Ihre Daten daher ausschlie\u00dflich auf Grundlage der gesetzlichen Bestimmungen (DSGVO, TKG 2003). In diesen Datenschutzinformationen informieren wir Sie \u00fcber die wichtigsten Aspekte der Datenverarbeitung im Rahmen unserer Website. Allgemein Interaktion&hellip; <a class=\"more-link\" href=\"https:\/\/xtrem.biz\/?page_id=34\"><span class=\"screen-reader-text\">Impressum<\/span> weiterlesen<\/a><\/p>\n","protected":false},"author":4,"featured_media":0,"parent":0,"menu_order":0,"comment_status":"closed","ping_status":"closed","template":"","meta":{"_mc_calendar":[],"footnotes":""},"class_list":["post-34","page","type-page","status-publish","hentry","entry"],"_links":{"self":[{"href":"https:\/\/xtrem.biz\/index.php?rest_route=\/wp\/v2\/pages\/34","targetHints":{"allow":["GET"]}}],"collection":[{"href":"https:\/\/xtrem.biz\/index.php?rest_route=\/wp\/v2\/pages"}],"about":[{"href":"https:\/\/xtrem.biz\/index.php?rest_route=\/wp\/v2\/types\/page"}],"author":[{"embeddable":true,"href":"https:\/\/xtrem.biz\/index.php?rest_route=\/wp\/v2\/users\/4"}],"replies":[{"embeddable":true,"href":"https:\/\/xtrem.biz\/index.php?rest_route=%2Fwp%2Fv2%2Fcomments&post=34"}],"version-history":[{"count":0,"href":"https:\/\/xtrem.biz\/index.php?rest_route=\/wp\/v2\/pages\/34\/revisions"}],"wp:attachment":[{"href":"https:\/\/xtrem.biz\/index.php?rest_route=%2Fwp%2Fv2%2Fmedia&parent=34"}],"curies":[{"name":"wp","href":"https:\/\/api.w.org\/{rel}","templated":true}]}}